{"id":16053,"date":"2020-02-13T16:43:43","date_gmt":"2020-02-13T16:43:43","guid":{"rendered":"https:\/\/default.houzez.co\/?page_id=16053"},"modified":"2022-12-15T15:02:24","modified_gmt":"2022-12-15T15:02:24","slug":"financial-advice","status":"publish","type":"page","link":"https:\/\/maremontrealestate.com\/de\/our-services\/financial-advice\/","title":{"rendered":"Finanzieller Rat"},"content":{"rendered":"<p>Beim Kauf einer Immobilie ist es nicht einfach, sich ohne fachkundige Anleitung die h\u00f6chstm\u00f6gliche Hypothek zu sichern.<!--more--><br \/>\nVor allem m\u00f6chten Sie Ihre Traumimmobilie nicht verlieren, w\u00e4hrend Sie alleine \u00fcber den Markt wandern. Was auch immer Ihre Situation ist, wir freuen uns, Sie mit einigen der besten unabh\u00e4ngigen Finanzberater auf dem Markt in Kontakt zu bringen.<\/p>","protected":false},"excerpt":{"rendered":"<p>Leider ist der Eintrag nur auf Amerikanisches Englisch verf\u00fcgbar.<\/p>\n","protected":false},"author":1,"featured_media":22274,"parent":58,"menu_order":0,"comment_status":"closed","ping_status":"closed","template":"template\/template-maremont-page.php","meta":[],"_links":{"self":[{"href":"https:\/\/maremontrealestate.com\/de\/wp-json\/wp\/v2\/pages\/16053"}],"collection":[{"href":"https:\/\/maremontrealestate.com\/de\/wp-json\/wp\/v2\/pages"}],"about":[{"href":"https:\/\/maremontrealestate.com\/de\/wp-json\/wp\/v2\/types\/page"}],"author":[{"embeddable":true,"href":"https:\/\/maremontrealestate.com\/de\/wp-json\/wp\/v2\/users\/1"}],"replies":[{"embeddable":true,"href":"https:\/\/maremontrealestate.com\/de\/wp-json\/wp\/v2\/comments?post=16053"}],"version-history":[{"count":4,"href":"https:\/\/maremontrealestate.com\/de\/wp-json\/wp\/v2\/pages\/16053\/revisions"}],"predecessor-version":[{"id":22276,"href":"https:\/\/maremontrealestate.com\/de\/wp-json\/wp\/v2\/pages\/16053\/revisions\/22276"}],"up":[{"embeddable":true,"href":"https:\/\/maremontrealestate.com\/de\/wp-json\/wp\/v2\/pages\/58"}],"wp:featuredmedia":[{"embeddable":true,"href":"https:\/\/maremontrealestate.com\/de\/wp-json\/wp\/v2\/media\/22274"}],"wp:attachment":[{"href":"https:\/\/maremontrealestate.com\/de\/wp-json\/wp\/v2\/media?parent=16053"}],"curies":[{"name":"wp","href":"https:\/\/api.w.org\/{rel}","templated":true}]}}