{"id":17172,"date":"2020-03-03T06:39:01","date_gmt":"2020-03-03T06:39:01","guid":{"rendered":"https:\/\/demo03.houzez.co\/?page_id=17172"},"modified":"2022-04-23T06:54:58","modified_gmt":"2022-04-23T06:54:58","slug":"furniture-interior","status":"publish","type":"page","link":"https:\/\/maremontrealestate.com\/de\/our-services\/furniture-interior\/","title":{"rendered":"M\u00f6blierung &#038; Einrichtung"},"content":{"rendered":"<p>[vc_row][vc_column width=&#8220;1\/3&#8243;][vc_single_image image=&#8220;17269&#8243; img_size=&#8220;medium&#8220; onclick=&#8220;link_image&#8220;][\/vc_column][vc_column width=&#8220;2\/3&#8243;][vc_column_text]Sie haben sich f\u00fcr den Kauf einer Immobilie in der T\u00fcrkei entschieden und d\u00fcrfen nun Ihre pers\u00f6nliche Note in Ihr neues Zuhause bringen. Wir m\u00f6chten Ihnen auch bei diesem Schritt zur Seite stehen und Ihnen helfen sorglos und schnell in Ihre neue Alanya Immobilie einzuziehen.[\/vc_column_text][\/vc_column][\/vc_row][vc_row][vc_column][vc_column_text]Celia Homes arbeitet mit mehreren M\u00f6belh\u00e4usern in Alanya zusammen, damit jeder f\u00fcr seinen Stil und Budget etwas finden kann.<\/p>\n<p>Wir kooperieren mit diversen M\u00f6belh\u00e4usern in Alanya und als Kunde von Rema Home\u00a0bekommen Sie hier die besten Konditionen, werden professionell beraten und betreut.<\/p>\n<p>Was brauchen Sie, um sich in Ihrer Traumimmobilie so richtig Zuhause zu f\u00fchlen?<br \/>\nWo findet man die sch\u00f6nsten M\u00f6bel, die pers\u00f6nlichsten Accessoires zu soliden Preisen? Wir kennen die kompetenten Anbieter \u2013 von der Anrichte bis zur Zahnb\u00fcrste \u2013 und wir begleiten Sie gerne.[\/vc_column_text][\/vc_column][\/vc_row]<\/p>","protected":false},"excerpt":{"rendered":"<p>[vc_row][vc_column width=&#8220;1\/3&#8243;][vc_single_image image=&#8220;17269&#8243; img_size=&#8220;medium&#8220; onclick=&#8220;link_image&#8220;][\/vc_column][vc_column width=&#8220;2\/3&#8243;][vc_column_text]Sie haben sich f\u00fcr den Kauf einer Immobilie in der T\u00fcrkei entschieden und d\u00fcrfen nun Ihre pers\u00f6nliche Note in Ihr neues Zuhause bringen. Wir m\u00f6chten Ihnen auch bei diesem Schritt zur Seite stehen und Ihnen helfen sorglos und schnell in Ihre neue Alanya Immobilie einzuziehen.[\/vc_column_text][\/vc_column][\/vc_row][vc_row][vc_column][vc_column_text]Celia Homes arbeitet mit mehreren M\u00f6belh\u00e4usern [&hellip;]<\/p>\n","protected":false},"author":1,"featured_media":0,"parent":58,"menu_order":0,"comment_status":"closed","ping_status":"closed","template":"template\/template-maremont-page.php","meta":[],"_links":{"self":[{"href":"https:\/\/maremontrealestate.com\/de\/wp-json\/wp\/v2\/pages\/17172"}],"collection":[{"href":"https:\/\/maremontrealestate.com\/de\/wp-json\/wp\/v2\/pages"}],"about":[{"href":"https:\/\/maremontrealestate.com\/de\/wp-json\/wp\/v2\/types\/page"}],"author":[{"embeddable":true,"href":"https:\/\/maremontrealestate.com\/de\/wp-json\/wp\/v2\/users\/1"}],"replies":[{"embeddable":true,"href":"https:\/\/maremontrealestate.com\/de\/wp-json\/wp\/v2\/comments?post=17172"}],"version-history":[{"count":4,"href":"https:\/\/maremontrealestate.com\/de\/wp-json\/wp\/v2\/pages\/17172\/revisions"}],"predecessor-version":[{"id":18878,"href":"https:\/\/maremontrealestate.com\/de\/wp-json\/wp\/v2\/pages\/17172\/revisions\/18878"}],"up":[{"embeddable":true,"href":"https:\/\/maremontrealestate.com\/de\/wp-json\/wp\/v2\/pages\/58"}],"wp:attachment":[{"href":"https:\/\/maremontrealestate.com\/de\/wp-json\/wp\/v2\/media?parent=17172"}],"curies":[{"name":"wp","href":"https:\/\/api.w.org\/{rel}","templated":true}]}}