{"id":18522,"date":"2022-04-19T13:01:19","date_gmt":"2022-04-19T13:01:19","guid":{"rendered":"https:\/\/www.maremontrealestate.com\/?page_id=18522"},"modified":"2022-12-15T14:39:48","modified_gmt":"2022-12-15T14:39:48","slug":"solution-partners","status":"publish","type":"page","link":"https:\/\/maremontrealestate.com\/de\/about-us\/solution-partners\/","title":{"rendered":"L\u00f6sungspartner"},"content":{"rendered":"<p>[vc_row el_class=&#8220;block-maremont&#8220;][vc_column]\t\t<div\r\n\t\t\tclass=\"houzez-module module-title section-title-module text-left \">\r\n\t\t\t<h2>Banken<\/h2>\r\n\r\n\t\t\t<p class=\"sub-heading\"><\/p>\r\n\t\t<\/div>\r\n\t\t[vc_column_text]Wenn Sie f\u00fcr Immobilientransaktionen einen Bankkreditwert erreichen m\u00fcssen, stehen wir Ihnen jederzeit zur Seite, um Ihre Tr\u00e4ume zu verwirklichen. Je nach Wunsch helfen wir Ihnen, den passenden Kredit zu den g\u00fcnstigsten Konditionen und auf dem schnellsten Weg zu bekommen.<\/p>\n<p>Unsere L\u00f6sungspartner f\u00fcr das Projekt sind <strong>Garanti Bank<\/strong>, <strong>\u0130\u015f Bank<\/strong>, <strong>Denizbank<\/strong>, <strong>TEB<\/strong> und <strong>HSBC<\/strong>.[\/vc_column_text][\/vc_column][\/vc_row][vc_row el_class=&#8220;block-maremont&#8220;][vc_column]\t\t<div\r\n\t\t\tclass=\"houzez-module module-title section-title-module text-left \">\r\n\t\t\t<h2>Versicherungsunternehmen<\/h2>\r\n\r\n\t\t\t<p class=\"sub-heading\"><\/p>\r\n\t\t<\/div>\r\n\t\t[vc_column_text]Auch nach dem Immobilienerwerb stehen wir Ihnen weiterhin zur Seite. Je nach Versicherungsbedarf f\u00fcr Ihre Suite, Villa, Ihr B\u00fcro und sogar f\u00fcr Ihr Hotel finden wir mit Hilfe unserer L\u00f6sungspartner L\u00f6sungen.<\/p>\n<p>Bei Versicherungen arbeiten wir bevorzugt mit <strong>Allianz<\/strong>, <strong>Aksigorta<\/strong> und <strong>Axa<\/strong> zusammen.[\/vc_column_text][\/vc_column][\/vc_row][vc_row el_class=&#8220;block-maremont&#8220;][vc_column]\t\t<div\r\n\t\t\tclass=\"houzez-module module-title section-title-module text-left \">\r\n\t\t\t<h2>Transfer &amp; Autovermietung<\/h2>\r\n\r\n\t\t\t<p class=\"sub-heading\"><\/p>\r\n\t\t<\/div>\r\n\t\t[vc_column_text]Unser Unternehmen unterst\u00fctzt Sie auch bei <strong>Flughafentransfers<\/strong> und Autovermietungen in <strong>Antalya und Gazipa\u015fa<\/strong>.\u00a0 Gerne bringen wir Sie im Rahmen Ihres privaten Transferprozesses mit Ihren Liebsten zusammen.[\/vc_column_text][\/vc_column][\/vc_row][vc_row el_class=&#8220;block-maremont-slider&#8220;][vc_column][vc_separator]\n\n        <div class=\"partners-module partners-module-slider\">\n\n            <div class=\"property-carousel-buttons-wrap\">\n                <button type=\"button\" class=\"partner-prev-js slick-prev btn-primary-outlined\">Vorherige<\/button>\n                <button type=\"button\" class=\"partner-next-js slick-next btn-primary-outlined\">N\u00e4chster<\/button>\n            <\/div><!-- property-carousel-buttons-wrap -->\n\n            <div class=\"partners-slider-wrap houzez-all-slider-wrap\">\n                \n                        <div class=\"partner-item\">\n                            <a target=\"_blank\" href=\"http:\/\/www.leartes.net\">\n                                <img width=\"324\" height=\"56\" src=\"https:\/\/maremontrealestate.com\/wp-content\/uploads\/2016\/03\/logo-leartes_net.png\" class=\"attachment-full size-full wp-post-image\" alt=\"\" loading=\"lazy\" srcset=\"https:\/\/maremontrealestate.com\/wp-content\/uploads\/2016\/03\/logo-leartes_net.png 324w, https:\/\/maremontrealestate.com\/wp-content\/uploads\/2016\/03\/logo-leartes_net-300x52.png 300w\" sizes=\"(max-width: 324px) 100vw, 324px\" \/>                            <\/a>\n                        <\/div>\n                \n                \n                        <div class=\"partner-item\">\n                            <a target=\"_blank\" href=\"https:\/\/www.enzahome.com.tr\/\">\n                                <img width=\"324\" height=\"56\" src=\"https:\/\/maremontrealestate.com\/wp-content\/uploads\/2016\/03\/enza-logo.png\" class=\"attachment-full size-full wp-post-image\" alt=\"\" loading=\"lazy\" srcset=\"https:\/\/maremontrealestate.com\/wp-content\/uploads\/2016\/03\/enza-logo.png 324w, https:\/\/maremontrealestate.com\/wp-content\/uploads\/2016\/03\/enza-logo-300x52.png 300w\" sizes=\"(max-width: 324px) 100vw, 324px\" \/>                            <\/a>\n                        <\/div>\n                \n                \n                        <div class=\"partner-item\">\n                            <a target=\"_blank\" href=\"http:\/\/www.kamburoglu.com.tr\/\">\n                                <img width=\"324\" height=\"56\" src=\"https:\/\/maremontrealestate.com\/wp-content\/uploads\/2016\/03\/kamburoglu.png\" class=\"attachment-full size-full wp-post-image\" alt=\"\" loading=\"lazy\" srcset=\"https:\/\/maremontrealestate.com\/wp-content\/uploads\/2016\/03\/kamburoglu.png 324w, https:\/\/maremontrealestate.com\/wp-content\/uploads\/2016\/03\/kamburoglu-300x52.png 300w\" sizes=\"(max-width: 324px) 100vw, 324px\" \/>                            <\/a>\n                        <\/div>\n                \n                \n                        <div class=\"partner-item\">\n                            <a target=\"_blank\" href=\"https:\/\/mixxtravel.com\/\">\n                                <img width=\"324\" height=\"56\" src=\"https:\/\/maremontrealestate.com\/wp-content\/uploads\/2016\/03\/mixx-travel.png\" class=\"attachment-full size-full wp-post-image\" alt=\"\" loading=\"lazy\" srcset=\"https:\/\/maremontrealestate.com\/wp-content\/uploads\/2016\/03\/mixx-travel.png 324w, https:\/\/maremontrealestate.com\/wp-content\/uploads\/2016\/03\/mixx-travel-300x52.png 300w\" sizes=\"(max-width: 324px) 100vw, 324px\" \/>                            <\/a>\n                        <\/div>\n                \n                \n                        <div class=\"partner-item\">\n                            <a target=\"_blank\" href=\"http:\/\/garanti.com.tr\/en\">\n                                <img width=\"324\" height=\"56\" src=\"https:\/\/maremontrealestate.com\/wp-content\/uploads\/2016\/03\/garantibbva-logo.png\" class=\"attachment-full size-full wp-post-image\" alt=\"\" loading=\"lazy\" srcset=\"https:\/\/maremontrealestate.com\/wp-content\/uploads\/2016\/03\/garantibbva-logo.png 324w, https:\/\/maremontrealestate.com\/wp-content\/uploads\/2016\/03\/garantibbva-logo-300x52.png 300w\" sizes=\"(max-width: 324px) 100vw, 324px\" \/>                            <\/a>\n                        <\/div>\n                \n                \n                        <div class=\"partner-item\">\n                            <a target=\"_blank\" href=\"https:\/\/www.turkishairlines.com\/\">\n                                <img width=\"324\" height=\"56\" src=\"https:\/\/maremontrealestate.com\/wp-content\/uploads\/2016\/03\/turkish-airlines.png\" class=\"attachment-full size-full wp-post-image\" alt=\"\" loading=\"lazy\" srcset=\"https:\/\/maremontrealestate.com\/wp-content\/uploads\/2016\/03\/turkish-airlines.png 324w, https:\/\/maremontrealestate.com\/wp-content\/uploads\/2016\/03\/turkish-airlines-300x52.png 300w\" sizes=\"(max-width: 324px) 100vw, 324px\" \/>                            <\/a>\n                        <\/div>\n                \n                \n                        <div class=\"partner-item\">\n                            <a target=\"_blank\" href=\"https:\/\/www.isbank.com.tr\/\">\n                                <img width=\"324\" height=\"56\" src=\"https:\/\/maremontrealestate.com\/wp-content\/uploads\/2022\/04\/logo-is-bankasi.png\" class=\"attachment-full size-full wp-post-image\" alt=\"\" loading=\"lazy\" srcset=\"https:\/\/maremontrealestate.com\/wp-content\/uploads\/2022\/04\/logo-is-bankasi.png 324w, https:\/\/maremontrealestate.com\/wp-content\/uploads\/2022\/04\/logo-is-bankasi-300x52.png 300w\" sizes=\"(max-width: 324px) 100vw, 324px\" \/>                            <\/a>\n                        <\/div>\n                \n                \n                        <div class=\"partner-item\">\n                            <a target=\"_blank\" href=\"https:\/\/www.denizbank.com\/\">\n                                <img width=\"324\" height=\"56\" src=\"https:\/\/maremontrealestate.com\/wp-content\/uploads\/2022\/04\/logo-denizbank.png\" class=\"attachment-full size-full wp-post-image\" alt=\"\" loading=\"lazy\" srcset=\"https:\/\/maremontrealestate.com\/wp-content\/uploads\/2022\/04\/logo-denizbank.png 324w, https:\/\/maremontrealestate.com\/wp-content\/uploads\/2022\/04\/logo-denizbank-300x52.png 300w\" sizes=\"(max-width: 324px) 100vw, 324px\" \/>                            <\/a>\n                        <\/div>\n                \n                \n                        <div class=\"partner-item\">\n                            <a target=\"_blank\" href=\"https:\/\/www.teb.com.tr\/\">\n                                <img width=\"324\" height=\"56\" src=\"https:\/\/maremontrealestate.com\/wp-content\/uploads\/2022\/04\/logo-teb.png\" class=\"attachment-full size-full wp-post-image\" alt=\"\" loading=\"lazy\" srcset=\"https:\/\/maremontrealestate.com\/wp-content\/uploads\/2022\/04\/logo-teb.png 324w, https:\/\/maremontrealestate.com\/wp-content\/uploads\/2022\/04\/logo-teb-300x52.png 300w\" sizes=\"(max-width: 324px) 100vw, 324px\" \/>                            <\/a>\n                        <\/div>\n                \n                \n                        <div class=\"partner-item\">\n                            <a target=\"_blank\" href=\"https:\/\/www.hsbc.com.tr\/\">\n                                <img width=\"324\" height=\"56\" src=\"https:\/\/maremontrealestate.com\/wp-content\/uploads\/2022\/04\/logo-hsbc.png\" class=\"attachment-full size-full wp-post-image\" alt=\"\" loading=\"lazy\" srcset=\"https:\/\/maremontrealestate.com\/wp-content\/uploads\/2022\/04\/logo-hsbc.png 324w, https:\/\/maremontrealestate.com\/wp-content\/uploads\/2022\/04\/logo-hsbc-300x52.png 300w\" sizes=\"(max-width: 324px) 100vw, 324px\" \/>                            <\/a>\n                        <\/div>\n                \n                \n                        <div class=\"partner-item\">\n                            <a target=\"_blank\" href=\"https:\/\/maremontrentacar.com\/\">\n                                <img width=\"324\" height=\"56\" src=\"https:\/\/maremontrealestate.com\/wp-content\/uploads\/2022\/04\/logo-maremont_rentacar.png\" class=\"attachment-full size-full wp-post-image\" alt=\"\" loading=\"lazy\" srcset=\"https:\/\/maremontrealestate.com\/wp-content\/uploads\/2022\/04\/logo-maremont_rentacar.png 324w, https:\/\/maremontrealestate.com\/wp-content\/uploads\/2022\/04\/logo-maremont_rentacar-300x52.png 300w\" sizes=\"(max-width: 324px) 100vw, 324px\" \/>                            <\/a>\n                        <\/div>\n                \n                \n                        <div class=\"partner-item\">\n                            <a target=\"_blank\" href=\"https:\/\/www.allianz.com.tr\/\">\n                                <img width=\"324\" height=\"56\" src=\"https:\/\/maremontrealestate.com\/wp-content\/uploads\/2022\/04\/logo-allianz.png\" class=\"attachment-full size-full wp-post-image\" alt=\"\" loading=\"lazy\" srcset=\"https:\/\/maremontrealestate.com\/wp-content\/uploads\/2022\/04\/logo-allianz.png 324w, https:\/\/maremontrealestate.com\/wp-content\/uploads\/2022\/04\/logo-allianz-300x52.png 300w\" sizes=\"(max-width: 324px) 100vw, 324px\" \/>                            <\/a>\n                        <\/div>\n                \n                \n                        <div class=\"partner-item\">\n                            <a target=\"_blank\" href=\"https:\/\/www.aksigorta.com.tr\/\">\n                                <img width=\"324\" height=\"56\" src=\"https:\/\/maremontrealestate.com\/wp-content\/uploads\/2022\/04\/logo-aksigorta.png\" class=\"attachment-full size-full wp-post-image\" alt=\"\" loading=\"lazy\" srcset=\"https:\/\/maremontrealestate.com\/wp-content\/uploads\/2022\/04\/logo-aksigorta.png 324w, https:\/\/maremontrealestate.com\/wp-content\/uploads\/2022\/04\/logo-aksigorta-300x52.png 300w\" sizes=\"(max-width: 324px) 100vw, 324px\" \/>                            <\/a>\n                        <\/div>\n                \n                \n                        <div class=\"partner-item\">\n                            <a target=\"_blank\" href=\"https:\/\/www.axasigorta.com.tr\/\">\n                                <img width=\"324\" height=\"56\" src=\"https:\/\/maremontrealestate.com\/wp-content\/uploads\/2022\/04\/logo-axa.png\" class=\"attachment-full size-full wp-post-image\" alt=\"\" loading=\"lazy\" srcset=\"https:\/\/maremontrealestate.com\/wp-content\/uploads\/2022\/04\/logo-axa.png 324w, https:\/\/maremontrealestate.com\/wp-content\/uploads\/2022\/04\/logo-axa-300x52.png 300w\" sizes=\"(max-width: 324px) 100vw, 324px\" \/>                            <\/a>\n                        <\/div>\n                \n                                \n            <\/div><!-- testimonials-slider -->\n        <\/div><!-- testimonials-module -->\n\n\n        [\/vc_column][\/vc_row]<\/p>","protected":false},"excerpt":{"rendered":"<p>[vc_row el_class=&#8220;block-maremont&#8220;][vc_column][vc_column_text]Wenn Sie f\u00fcr Immobilientransaktionen einen Bankkreditwert erreichen m\u00fcssen, stehen wir Ihnen jederzeit zur Seite, um Ihre Tr\u00e4ume zu verwirklichen. Je nach Wunsch helfen wir Ihnen, den passenden Kredit zu den g\u00fcnstigsten Konditionen und auf dem schnellsten Weg zu bekommen. Unsere L\u00f6sungspartner f\u00fcr das Projekt sind Garanti Bank, \u0130\u015f Bank, Denizbank, TEB und HSBC.[\/vc_column_text][\/vc_column][\/vc_row][vc_row el_class=&#8220;block-maremont&#8220;][vc_column][vc_column_text]Auch [&hellip;]<\/p>\n","protected":false},"author":1,"featured_media":0,"parent":16650,"menu_order":0,"comment_status":"closed","ping_status":"closed","template":"template\/template-page.php","meta":[],"_links":{"self":[{"href":"https:\/\/maremontrealestate.com\/de\/wp-json\/wp\/v2\/pages\/18522"}],"collection":[{"href":"https:\/\/maremontrealestate.com\/de\/wp-json\/wp\/v2\/pages"}],"about":[{"href":"https:\/\/maremontrealestate.com\/de\/wp-json\/wp\/v2\/types\/page"}],"author":[{"embeddable":true,"href":"https:\/\/maremontrealestate.com\/de\/wp-json\/wp\/v2\/users\/1"}],"replies":[{"embeddable":true,"href":"https:\/\/maremontrealestate.com\/de\/wp-json\/wp\/v2\/comments?post=18522"}],"version-history":[{"count":4,"href":"https:\/\/maremontrealestate.com\/de\/wp-json\/wp\/v2\/pages\/18522\/revisions"}],"predecessor-version":[{"id":22270,"href":"https:\/\/maremontrealestate.com\/de\/wp-json\/wp\/v2\/pages\/18522\/revisions\/22270"}],"up":[{"embeddable":true,"href":"https:\/\/maremontrealestate.com\/de\/wp-json\/wp\/v2\/pages\/16650"}],"wp:attachment":[{"href":"https:\/\/maremontrealestate.com\/de\/wp-json\/wp\/v2\/media?parent=18522"}],"curies":[{"name":"wp","href":"https:\/\/api.w.org\/{rel}","templated":true}]}}