{"id":2706,"date":"2016-10-13T18:20:06","date_gmt":"2016-10-13T18:20:06","guid":{"rendered":"https:\/\/default.houzez.co\/?page_id=2706"},"modified":"2023-08-07T09:46:23","modified_gmt":"2023-08-07T09:46:23","slug":"inspection-trip","status":"publish","type":"page","link":"https:\/\/maremontrealestate.com\/de\/our-services\/inspection-trip\/","title":{"rendered":"Inspektionsreise"},"content":{"rendered":"<p><\/p>\n<h6>Was ist in unserer Immobilienbesichtigungsreise enthalten?<\/h6>\n<p>Wir von Maremont empfehlen Ihnen, in die T\u00fcrkei zu kommen und unsere handverlesenen Immobilien in der T\u00fcrkei zu besichtigen<!--more--><\/p>\n<p>Wir von Maremont empfehlen Ihnen, in die T\u00fcrkei zu kommen und unsere handverlesenen Immobilien in der T\u00fcrkei vor Ort zu besichtigen und die verschiedenen Bezirke der Region kennenzulernen. W\u00e4hrend Ihres Aufenthalts in der T\u00fcrkei garantieren wir Ihnen unsere volle Aufmerksamkeit und kombinieren Immobilienbesichtigung und ein positives Erlebnis \u00fcber die T\u00fcrkei in einem. Die Besichtigung der Immobilien in der T\u00fcrkei dauert mindestens 4 Tage und wir wissen, dass die Zeit ausreicht, wenn Sie sie effektiv verbringen. Wir m\u00f6chten alle Informationen geben und unser Wissen \u00fcber die Region teilen, bevor wir die Immobilie in der T\u00fcrkei besuchen.<\/p>\n<p>Maremont arrangiert Transfers vom und zum Flughafen (Antalya, Alanya), komplett eingerichtete Wohnung mit allen Annehmlichkeiten und Einrichtungen<\/p>\n<p><em>*Die Besichtigungsfahrt ist nur kostenlos, wenn Sie eine Immobilie bei uns kaufen.<\/em><\/p>\n<h3>Unsere Besichtigungstour:<\/h3>\n<p><strong>\u2022 Schritt 1 &#8211; \u00dcberweisung<\/strong><\/p>\n<p>Unser Transferpersonal holt Sie vom Flughafen ab und bringt Sie zu dem Apartment, das wir f\u00fcr Ihre Besichtigungsreise arrangiert haben. In Ihrer Unterkunft finden Sie alles, was Sie brauchen. Bei Problemen k\u00f6nnen Sie sich jederzeit gerne \u00fcber unsere rund um die Uhr erreichbare Hotline +90 531 202 20 72 an uns wenden.<\/p>\n<p><strong>\u2022 Schritt 2 \u2013 Einf\u00fchrung &amp; Erleben Sie die Region<\/strong><\/p>\n<p>Ihr Agent wird Sie am Tag nach Ihrer Ankunft zum Vorstellungsgespr\u00e4ch in der Wohnung besuchen.<br \/>\nSie haben die M\u00f6glichkeit, Ihre geplanten Immobilienbesichtigungen zu besprechen und Ihr Makler wird Ihnen Informationen \u00fcber die Formalit\u00e4ten und Verfahren beim Kauf einer Immobilie in der T\u00fcrkei geben und Sie auch \u00fcber unsere Dienstleistungen w\u00e4hrend und nach dem Verkaufsprozess informieren. Bitte stellen Sie alle auftretenden Fragen bieten unseren Kunden von Besichtigungsreisen eine private Beratung an. Wir beginnen immer mit Sightseeing, um Ihnen eine umfassende Information \u00fcber die verschiedenen Bezirke der Region geben zu k\u00f6nnen, damit Sie Ihr Lieblingsgebiet ausw\u00e4hlen k\u00f6nnen.<\/p>\n<p><strong>\u2022 Schritt 3 \u2013 Objektansicht<\/strong><\/p>\n<p>Nachdem Sie Ihre Lieblingslage zum Wohnen ausgew\u00e4hlt haben, richten wir uns nach Ihren W\u00fcnschen (Budget, Gr\u00f6\u00dfe etc.) auf die Objekte in der Umgebung aus.<\/p>\n<p>Wir m\u00f6chten sicherstellen, dass Sie nur die Immobilien besuchen, die Ihren W\u00fcnschen entsprechen. Wir sehen uns mindestens 5 Immobilien pro Tag an, um Ihnen ein klareres Bild \u00fcber die Immobilien in der Umgebung zu geben. Sobald Sie die richtige Immobilie in der T\u00fcrkei f\u00fcr Sie und Ihre Familie ausgew\u00e4hlt haben, haben Sie die M\u00f6glichkeit, diese erneut zu sehen und alle relevanten Details (Preisliste, Grundriss usw.) von Ihrem Makler zu erhalten.<\/p>\n<p><strong>\u2022 Schritt 4 Wir zeigen Ihnen die rechtliche Seite des Immobilienkaufs in der T\u00fcrkei.<\/strong><\/p>\n<p>Sobald Sie sich f\u00fcr Ihre Immobilie in der T\u00fcrkei entschieden haben, werden wir Ihnen noch einmal Informationen \u00fcber den Kaufprozess zur Verf\u00fcgung stellen, um sicherzustellen, dass Sie bereit sind, mit dem Kaufvorgang fortzufahren.<\/p>\n<p>Wir zeigen Ihnen die rechtliche Seite des Immobilienkaufs in der T\u00fcrkei. Wir werden f\u00fcr Sie ein Bankkonto in der T\u00fcrkei er\u00f6ffnen, wir helfen Ihnen bei der Erfassung der Steuernummer, um Ihnen den Kaufprozess so einfach wie m\u00f6glich zu machen.<\/p>\n<p><strong>WIR M\u00d6CHTEN NICHT, DASS UNSERE KUNDEN SPASS F\u00dcHLEN, BEVOR SIE EINE ENTSCHEIDUNG TREFFEN.<\/strong><\/p>\n<p>Wir werden sicherstellen, dass Sie w\u00e4hrend und nach dem Kauf Ihrer Immobilie in der T\u00fcrkei unsere volle Aufmerksamkeit und Beratung erhalten.<\/p>\n<p><strong>Flugtickets<\/strong><\/p>\n<p>Wir helfen Ihnen bei der Buchung von Flugtickets f\u00fcr Ihre Besichtigungsreise. Wenn Sie w\u00e4hrend Ihrer Besichtigungsreise eine Immobilie \u00fcber uns kaufen, erstattet Maremont die Kosten f\u00fcr Ihre Flugtickets.<\/p>\n<p><strong>Unterkunft<\/strong><\/p>\n<p>Wir organisieren auch eine Unterkunft f\u00fcr Sie und Ihre Familie w\u00e4hrend der Besichtigungstour. Wir arrangieren f\u00fcr unsere Besichtigungsreisenden immer eine Wohnung in unseren eigenen Wohnungen, um ihnen das Gef\u00fchl zu geben, eine Immobilie in der T\u00fcrkei zu besitzen. Unsere G\u00e4ste haben die M\u00f6glichkeit, die Qualit\u00e4t der Immobilie und den Charakter der Umgebung zu \u00fcberpr\u00fcfen.<\/p>\n<p><em>*Die Besichtigungsfahrt ist kostenlos, wenn Sie eine Wohnung bei uns kaufen.<\/em><\/p>","protected":false},"excerpt":{"rendered":"<p>Leider ist der Eintrag nur auf Amerikanisches Englisch verf\u00fcgbar.<\/p>\n","protected":false},"author":1,"featured_media":18884,"parent":58,"menu_order":0,"comment_status":"closed","ping_status":"closed","template":"template\/template-maremont-page.php","meta":[],"_links":{"self":[{"href":"https:\/\/maremontrealestate.com\/de\/wp-json\/wp\/v2\/pages\/2706"}],"collection":[{"href":"https:\/\/maremontrealestate.com\/de\/wp-json\/wp\/v2\/pages"}],"about":[{"href":"https:\/\/maremontrealestate.com\/de\/wp-json\/wp\/v2\/types\/page"}],"author":[{"embeddable":true,"href":"https:\/\/maremontrealestate.com\/de\/wp-json\/wp\/v2\/users\/1"}],"replies":[{"embeddable":true,"href":"https:\/\/maremontrealestate.com\/de\/wp-json\/wp\/v2\/comments?post=2706"}],"version-history":[{"count":3,"href":"https:\/\/maremontrealestate.com\/de\/wp-json\/wp\/v2\/pages\/2706\/revisions"}],"predecessor-version":[{"id":23146,"href":"https:\/\/maremontrealestate.com\/de\/wp-json\/wp\/v2\/pages\/2706\/revisions\/23146"}],"up":[{"embeddable":true,"href":"https:\/\/maremontrealestate.com\/de\/wp-json\/wp\/v2\/pages\/58"}],"wp:featuredmedia":[{"embeddable":true,"href":"https:\/\/maremontrealestate.com\/de\/wp-json\/wp\/v2\/media\/18884"}],"wp:attachment":[{"href":"https:\/\/maremontrealestate.com\/de\/wp-json\/wp\/v2\/media?parent=2706"}],"curies":[{"name":"wp","href":"https:\/\/api.w.org\/{rel}","templated":true}]}}