{"id":5350,"date":"2017-02-10T17:00:47","date_gmt":"2017-02-10T17:00:47","guid":{"rendered":"https:\/\/default.houzez.co\/?page_id=5350"},"modified":"2022-12-15T14:52:51","modified_gmt":"2022-12-15T14:52:51","slug":"after-sale-service","status":"publish","type":"page","link":"https:\/\/maremontrealestate.com\/de\/our-services\/after-sale-service\/","title":{"rendered":"Kundenbetreuung"},"content":{"rendered":"<p>Wir lassen Sie nach dem Kauf Ihrer Immobilie nicht allein. Gem\u00e4\u00df Ihrer Anfrage bedienen wir Sie weiterhin f\u00fcr die folgenden Transaktionen.<\/p>\n<p><!--more--><\/p>\n<p><strong>Abo-Services:<\/strong> Abschluss von Strom-, Wasser-, Haus- und Handyabonnements im Namen des Kunden auf Anfrage.<\/p>\n<p><strong>Dekoration:<\/strong> M\u00f6belkauf und Einrichtungsberatung.<\/p>\n<p><strong>Immobilienversicherung:<\/strong> Beratung zur Versicherung von Immobilien zum g\u00fcnstigsten Preis.<\/p>\n<p><strong>Reinigung:<\/strong> Wohnungs-, Villen- und B\u00fcroreinigungsservice auf Anfrage.<\/p>\n<p><strong>Technische Dienstleistungen:<\/strong> Steuerung von Strom-, Wasser-, Heizungs- und Klimaanlagen; Beheben von Problemen mit technischem Personal, nachdem der Kunde \u00fcber das Problem informiert und die Genehmigung eingeholt wurde.<\/p>\n<p><strong>Autovermietung:<\/strong> Mieten Sie die neuesten Modellautos zu g\u00fcnstigen Konditionen bei unseren L\u00f6sungspartnern.<\/p>\n<p><strong>Flughafentransfer:<\/strong> Transferservice zum Flughafen Antalya und Gazipa\u015fa zu erschwinglichen Preisen.<\/p>\n<p><strong>Landschaft:<\/strong> Landschaftsgestaltung und Instandhaltung von Villen und Wohnbl\u00f6cken.<\/p>","protected":false},"excerpt":{"rendered":"<p>Leider ist der Eintrag nur auf Amerikanisches Englisch verf\u00fcgbar.<\/p>\n","protected":false},"author":1,"featured_media":18866,"parent":58,"menu_order":0,"comment_status":"closed","ping_status":"closed","template":"template\/template-maremont-page.php","meta":[],"_links":{"self":[{"href":"https:\/\/maremontrealestate.com\/de\/wp-json\/wp\/v2\/pages\/5350"}],"collection":[{"href":"https:\/\/maremontrealestate.com\/de\/wp-json\/wp\/v2\/pages"}],"about":[{"href":"https:\/\/maremontrealestate.com\/de\/wp-json\/wp\/v2\/types\/page"}],"author":[{"embeddable":true,"href":"https:\/\/maremontrealestate.com\/de\/wp-json\/wp\/v2\/users\/1"}],"replies":[{"embeddable":true,"href":"https:\/\/maremontrealestate.com\/de\/wp-json\/wp\/v2\/comments?post=5350"}],"version-history":[{"count":4,"href":"https:\/\/maremontrealestate.com\/de\/wp-json\/wp\/v2\/pages\/5350\/revisions"}],"predecessor-version":[{"id":22273,"href":"https:\/\/maremontrealestate.com\/de\/wp-json\/wp\/v2\/pages\/5350\/revisions\/22273"}],"up":[{"embeddable":true,"href":"https:\/\/maremontrealestate.com\/de\/wp-json\/wp\/v2\/pages\/58"}],"wp:featuredmedia":[{"embeddable":true,"href":"https:\/\/maremontrealestate.com\/de\/wp-json\/wp\/v2\/media\/18866"}],"wp:attachment":[{"href":"https:\/\/maremontrealestate.com\/de\/wp-json\/wp\/v2\/media?parent=5350"}],"curies":[{"name":"wp","href":"https:\/\/api.w.org\/{rel}","templated":true}]}}