{"id":745,"date":"2016-03-10T18:51:46","date_gmt":"2016-03-10T18:51:46","guid":{"rendered":"https:\/\/default.houzez.co\/?page_id=745"},"modified":"2022-04-23T07:59:29","modified_gmt":"2022-04-23T07:59:29","slug":"terms-and-conditions","status":"publish","type":"page","link":"https:\/\/maremontrealestate.com\/de\/terms-and-conditions\/","title":{"rendered":"Gesch\u00e4ftsbedingungen"},"content":{"rendered":"<p><\/p>\n<h5>Nutzungsbedingungen der Webseite<\/h5>\n<p>Bitte lesen Sie die Nutzungsbedingungen der Website sorgf\u00e4ltig durch, bevor Sie auf maremontrealestate.com navigieren, das H\u00dcSEY\u0130N MURAT KAYACAN MAREMONT GAYR\u0130MENKUL DANI\u015eMANLIK VE \u0130N\u015eAAT geh\u00f6rt. Verwenden Sie unsere Website weiterhin anzeigt; dass Sie unsere Nutzungsbedingungen akzeptieren. Wenn Sie weiter zwischen den Seiten der Website navigieren und das Webformular ausf\u00fcllen, gehen wir davon aus, dass Sie unseren Nutzungsbedingungen zustimmen. Wenn Sie diesen Nutzungsbedingungen nicht zustimmen, vermeiden Sie bitte die Nutzung unserer Website.<\/p>\n<p>H\u00dcSEY\u0130N MURAT KAYACAN MAREMONT GAYR\u0130MENKUL DANI\u015eMANLIK VE \u0130N\u015eAAT (im Folgenden &#8222;Maremont&#8220;, &#8222;wir&#8220; oder &#8222;uns&#8220;) ist die Eigent\u00fcmergesellschaft der Marke Maremont und h\u00e4lt die Datensicherheit und -speicherung gem\u00e4\u00df dem Gesetz zum Schutz personenbezogener Daten vom 7. April 2016 vollst\u00e4ndig ein .<\/p>\n<p>\u00c4nderungen unserer Begriffe und Webseite<br \/>\nMaremont kann die Bedingungen und die Webseite jederzeit \u00e4ndern oder einstellen. Jedes Mal, wenn Sie maremontrealestate.com (die &#8222;Webseite&#8220;) verwenden m\u00f6chten, \u00fcberpr\u00fcfen Sie bitte diese Bedingungen, um sicherzustellen, dass Sie die zu diesem Zeitpunkt geltenden Bedingungen verstanden haben. Sofern Sie Ihre Nutzung nicht beenden, gelten die neuen Bedingungen sofort und gelten f\u00fcr jede weitere oder neue Nutzung des Dienstes.<\/p>\n<p>Wer sind wir?<br \/>\nMaremont \u00ae is run by the international overseas property company whose legal name is H\u00dcSEY\u0130N MURAT KAYACAN MAREMONT GAYR\u0130MENKUL DANI\u015eMANLIK VE \u0130N\u015eAAT. antalya-homes.de geh\u00f6rt H\u00dcSEY\u0130N MURAT KAYACAN MAREMONT GAYR\u0130MENKUL DANI\u015eMANLIK VE \u0130N\u015eAAT. Die Handelskammer von Antalya ist 018812.<\/p>\n<p>Maremont Einstellung basiert auf Integrit\u00e4t, G\u00fcte und Exzellenz. Wir unterscheiden niemals Menschen nach Geschlecht, Rasse oder Hautfarbe. Hier k\u00f6nnen Sie detaillierte Informationen \u00fcber Maremont erhalten.<\/p>\n<p>Zweck der Webseite<br \/>\nUnter der Marke Maremont ist das Ziel der Internet-Publikationen in verschiedenen Sprachen und unter verschiedenen Dom\u00e4nen;<\/p>\n<p>\u2022 Einf\u00fchrung der Dienste von &#8222;Maremont&#8220; in verschiedenen Fremdsprachen<br \/>\n\u2022 Um \u00fcber den Kauf von Immobilien zu informieren<br \/>\n\u2022 Immobilienanzeigen auflisten<br \/>\n\u2022 Nachrichten und Artikel \u00fcber den Immobilienmarkt zu ver\u00f6ffentlichen.<\/p>\n<p>Wir verwenden Cookies<br \/>\nCookies sind kleine Dateien, die beim Besuch unserer Webseite auf Ihrem Ger\u00e4t abgelegt werden. Wir verwenden eigene und Cookies von Drittanbietern, um Sie und Ihre Pr\u00e4ferenzen zu erkennen, die Leistung unserer Webseite zu verbessern und statistische Daten zu erstellen.<\/p>\n<p>Warum sammeln wir Ihre Daten?<br \/>\nAls Immobilienunternehmen sammelt Maremont Daten, um Einzelpersonen mit Informationen und Dienstleistungen zu versorgen. Wir ben\u00f6tigen diese Informationen, um Ihre Bed\u00fcrfnisse zu verstehen und Ihnen einen besseren Service zu bieten, insbesondere aus den folgenden Gr\u00fcnden:<\/p>\n<p>\u2022 Pers\u00f6nliche und Kommunikationsinformationen wie Name, Vorname, Telefonnummer und E-Mail-Adresse f\u00fcr eine bessere Kommunikation. Wir verwenden diese Informationen auch, um \u00fcber Ihre E-Mail-Adresse aktuelle Angebote im Newsletter-Format zu versenden und Sie \u00fcber unsere neuen Dienstleistungen zu informieren.<br \/>\n\u2022 Demografische Seiten- oder Anwendungs-Browsing-Informationen zum Analysieren und Erfassen der Punkte von Interessen des Benutzers. Diese Daten werden mit dem Ziel verwendet, die gesch\u00e4ftlichen und operativen Aktivit\u00e4ten wie Marketing, Retargeting und Kommunikation zu verbessern.<br \/>\n\u2022 Social Web-Informationen (Facebook, Twitter, Linkedin und Google Plus) f\u00fcr eine bessere und einfachere Erfahrung auf der Webseite. Diese sozialen Webseiten d\u00fcrfen nur zum Zweck der Registrierung unserer Webseite verwendet werden.<br \/>\n\u2022 Die Standortinformationen wie die IP-Adresse und die aktuelle Adresse f\u00fcr die Angabe von Eigenschaften und die Anzeige der B\u00fcros in der N\u00e4he des Standorts.<\/p>\n<p>Wir m\u00f6chten Sie als Mitglied unserer Webseite sehen, wenn Sie eine Immobilie bei uns kaufen. Wir speichern Ihren Namen, Nachnamen, Telefon, E-Mail, die Sie uns mit Ihrer eigenen Bereitschaft geben. Nur autorisierte Personen (Verwaltung und Immobilienmakler bis zur Verkaufsphase) (Accountant After-Sales-Phase) k\u00f6nnen Ihre Daten sehen. Wir verwenden niemals Ihre pers\u00f6nlichen Daten, au\u00dfer eine Immobilie zu verkaufen und niemals mit einer dritten Parteifirma zu teilen.<\/p>\n<p>Wann immer Sie unser Unternehmen anrufen, akzeptieren Sie, dass wir Sie m\u00f6glicherweise zur\u00fcckrufen und Ihnen m\u00f6glicherweise mobile Nachrichten senden (wie SMS, WhatsApp, Viber usw.). Wenn Sie eine E-Mail an unsere ver\u00f6ffentlichte E-Mail-Adresse senden oder das Webformular ausf\u00fcllen, gehen wir davon aus, dass Sie akzeptieren, dass wir Sie anrufen und Ihnen Informationen und Newsletter-E-Mails zu Ihrer Anfrage senden k\u00f6nnen.<\/p>\n<p>Wir respektieren die Privatsph\u00e4re des Benutzers<br \/>\nWir achten auf die Privatsph\u00e4re in Richtung unserer Unternehmenswerte. Wir verwenden nur Cookies von Drittanbietern, um Kunden zu zeigen, wonach sie suchen. Die E-Mail, Telefon, detaillierte Identit\u00e4tsinformationen, die w\u00e4hrend des Vertrags erhalten werden, Eigentumsurkunde nach dem Kauf eines Hauses, Steuernummer, Abonnement-Dokumente k\u00f6nnen nur von autorisiertem Personal gesehen werden. Ihre Daten sind f\u00fcr niemanden sichtbar, der nicht von der Firma autorisiert wurde. Wir verwenden diese Daten und Dokumentationen nur, um Ihnen und dem Zweck, ein Haus zu verkaufen, zu dienen. Wir k\u00f6nnen Telefonate, E-Mails, Newsletter mit Bezug zu Immobilien, die Sie interessieren, t\u00e4tigen. Wir versprechen Ihnen, dass wir Sie nicht mehr bel\u00e4stigen werden, wenn Sie nicht m\u00f6chten.<\/p>\n<p>Bitte lesen Sie unsere Datenschutzrichtlinie f\u00fcr detaillierte Informationen dar\u00fcber, wie wir Ihre pers\u00f6nlichen Daten sammeln, verwenden und Ihre Privatsph\u00e4re sch\u00fctzen.<\/p>\n<p>Respekt vor unseren Intellekt\u00fcellen Eigentumsrechten<br \/>\nAlle auf unserer Webseite geschriebenen Seiten sind unsere eigene Produktion. Wir erstellen alle Inhalte auf einzigartige Weise. Wir gehen davon aus, dass Sie unsere Intellekt\u00fcellen Eigentumsrechte respektieren. Kopieren Sie keine Inhalte von unserer Webseite. Sie k\u00f6nnen unseren Informationsinhalt verwenden, indem Sie einen Link zu unserer Website angeben oder indem Sie die Informationsquelle als &#8222;Maremont&#8220; angeben. Wir respektieren Digital Millenium Copyright Act und wir verteidigen unsere Einzigartigkeit mit DMCA.<\/p>\n<p>Markenrichtlinie<br \/>\nMaremont ist unser eingetragenes Warenzeichen von H\u00dcSEY\u0130N MURAT KAYACAN MAREMONT GAYR\u0130MENKUL DANI\u015eMANLIK VE \u0130N\u015eAAT. Niemand in der Immobilienbranche kann unser Logo und Markenzeichen verwenden.<\/p>\n<p>Maremont ist unser eingetragenes Warenzeichen.<br \/>\nKundenbewertung<br \/>\nWir freuen uns \u00fcber Vorschl\u00e4ge, wie wir unseren Service verbessern k\u00f6nnen. Wenn Sie Fragen, Feedback oder Beschwerden zu diesen Bedingungen oder zu Maremont haben, verwenden Sie bitte die unten angegebenen Kontaktdaten.<\/p>\n<p>Maremont Impressum;<\/p>\n<p>Impressum: \u015eekerhane Mahallesi Alaiye Cad. Eda Apt No:59 Daire:2 07400 Alanya, T\u00fcrkei<br \/>\nTelefon: +90 242 520 00 02<br \/>\nE-Mail: info@maremontrealestate.com<\/p>","protected":false},"excerpt":{"rendered":"<p>Nutzungsbedingungen der Webseite Bitte lesen Sie die Nutzungsbedingungen der Website sorgf\u00e4ltig durch, bevor Sie auf maremontrealestate.com navigieren, das H\u00dcSEY\u0130N MURAT KAYACAN MAREMONT GAYR\u0130MENKUL DANI\u015eMANLIK VE \u0130N\u015eAAT geh\u00f6rt. Verwenden Sie unsere Website weiterhin anzeigt; dass Sie unsere Nutzungsbedingungen akzeptieren. Wenn Sie weiter zwischen den Seiten der Website navigieren und das Webformular ausf\u00fcllen, gehen wir davon aus, [&hellip;]<\/p>\n","protected":false},"author":1,"featured_media":0,"parent":0,"menu_order":0,"comment_status":"closed","ping_status":"closed","template":"template\/template-page.php","meta":[],"_links":{"self":[{"href":"https:\/\/maremontrealestate.com\/de\/wp-json\/wp\/v2\/pages\/745"}],"collection":[{"href":"https:\/\/maremontrealestate.com\/de\/wp-json\/wp\/v2\/pages"}],"about":[{"href":"https:\/\/maremontrealestate.com\/de\/wp-json\/wp\/v2\/types\/page"}],"author":[{"embeddable":true,"href":"https:\/\/maremontrealestate.com\/de\/wp-json\/wp\/v2\/users\/1"}],"replies":[{"embeddable":true,"href":"https:\/\/maremontrealestate.com\/de\/wp-json\/wp\/v2\/comments?post=745"}],"version-history":[{"count":4,"href":"https:\/\/maremontrealestate.com\/de\/wp-json\/wp\/v2\/pages\/745\/revisions"}],"predecessor-version":[{"id":18899,"href":"https:\/\/maremontrealestate.com\/de\/wp-json\/wp\/v2\/pages\/745\/revisions\/18899"}],"wp:attachment":[{"href":"https:\/\/maremontrealestate.com\/de\/wp-json\/wp\/v2\/media?parent=745"}],"curies":[{"name":"wp","href":"https:\/\/api.w.org\/{rel}","templated":true}]}}