{"id":16053,"date":"2020-02-13T16:43:43","date_gmt":"2020-02-13T16:43:43","guid":{"rendered":"https:\/\/default.houzez.co\/?page_id=16053"},"modified":"2022-12-15T15:02:24","modified_gmt":"2022-12-15T15:02:24","slug":"financial-advice","status":"publish","type":"page","link":"https:\/\/maremontrealestate.com\/tr\/our-services\/financial-advice\/","title":{"rendered":"Finansal Dan\u0131\u015fmanl\u0131k"},"content":{"rendered":"<p>Bir m\u00fclk sat\u0131n al\u0131rken, uzman rehberli\u011fi olmadan en y\u00fcksek de\u011ferli ipote\u011fi g\u00fcvence alt\u0131na almak kolay de\u011fildir. <!--more--><\/p>\n<p>Her \u015feyden \u00e7ok, piyasada tek ba\u015f\u0131n\u0131za dola\u015f\u0131rken hayalinizdeki m\u00fclk\u00fc kaybetmek istemezsiniz. Durumunuz ne olursa olsun sizi piyasadaki en iyi ba\u011f\u0131ms\u0131z finansal dan\u0131\u015fmanlardan baz\u0131lar\u0131yla temasa ge\u00e7irmekten mutluluk duyar\u0131z.<\/p>","protected":false},"excerpt":{"rendered":"<p>Sorry, this entry is only available in Amerikan \u0130ngilizcesi.<\/p>\n","protected":false},"author":1,"featured_media":22274,"parent":58,"menu_order":0,"comment_status":"closed","ping_status":"closed","template":"template\/template-maremont-page.php","meta":[],"_links":{"self":[{"href":"https:\/\/maremontrealestate.com\/tr\/wp-json\/wp\/v2\/pages\/16053"}],"collection":[{"href":"https:\/\/maremontrealestate.com\/tr\/wp-json\/wp\/v2\/pages"}],"about":[{"href":"https:\/\/maremontrealestate.com\/tr\/wp-json\/wp\/v2\/types\/page"}],"author":[{"embeddable":true,"href":"https:\/\/maremontrealestate.com\/tr\/wp-json\/wp\/v2\/users\/1"}],"replies":[{"embeddable":true,"href":"https:\/\/maremontrealestate.com\/tr\/wp-json\/wp\/v2\/comments?post=16053"}],"version-history":[{"count":4,"href":"https:\/\/maremontrealestate.com\/tr\/wp-json\/wp\/v2\/pages\/16053\/revisions"}],"predecessor-version":[{"id":22276,"href":"https:\/\/maremontrealestate.com\/tr\/wp-json\/wp\/v2\/pages\/16053\/revisions\/22276"}],"up":[{"embeddable":true,"href":"https:\/\/maremontrealestate.com\/tr\/wp-json\/wp\/v2\/pages\/58"}],"wp:featuredmedia":[{"embeddable":true,"href":"https:\/\/maremontrealestate.com\/tr\/wp-json\/wp\/v2\/media\/22274"}],"wp:attachment":[{"href":"https:\/\/maremontrealestate.com\/tr\/wp-json\/wp\/v2\/media?parent=16053"}],"curies":[{"name":"wp","href":"https:\/\/api.w.org\/{rel}","templated":true}]}}