{"id":17172,"date":"2020-03-03T06:39:01","date_gmt":"2020-03-03T06:39:01","guid":{"rendered":"https:\/\/demo03.houzez.co\/?page_id=17172"},"modified":"2022-04-23T06:54:58","modified_gmt":"2022-04-23T06:54:58","slug":"furniture-interior","status":"publish","type":"page","link":"https:\/\/maremontrealestate.com\/tr\/our-services\/furniture-interior\/","title":{"rendered":"\u0130\u00e7 Dizayn &#038; Mobilya"},"content":{"rendered":"<p>[vc_row][vc_column width=&#8221;1\/3&#8243;][vc_single_image image=&#8221;17269&#8243; img_size=&#8221;medium&#8221; onclick=&#8221;link_image&#8221;][\/vc_column][vc_column width=&#8221;2\/3&#8243;][vc_column_text]Alanya&#8217;da hayalinizdeki m\u00fclk\u00fc sat\u0131n ald\u0131n\u0131z ve \u015fimdi ki\u015fisel dokunu\u015funuzu yeni evinize getirmeye ba\u015flayabilirsiniz. Ayr\u0131ca bu ad\u0131m ile profesyonel yard\u0131mc\u0131 ve h\u0131zl\u0131 bir \u015fekilde yeni daire veya villa dikkatsiz ve ta\u015f\u0131mak i\u00e7in yard\u0131mc\u0131 olacakt\u0131r.[\/vc_column_text][\/vc_column][\/vc_row][vc_row][vc_column][vc_column_text]lanya&#8217;daki \u00e7e\u015fitli mobilya ma\u011fazalar\u0131yla i\u015fbirli\u011fi yap\u0131yoruz, b\u00f6ylece herkes kendi tarz\u0131nda ve b\u00fct\u00e7esinde bir \u015feyler bulabilir.<\/p>\n<p>Hayalinizdeki evde oldu\u011funuzu hissettirmek i\u00e7in neye ihtiyac\u0131n\u0131z var?<br \/>\nKi\u015fisel dokunu\u015funuzu gerektirir. Ama nerede uygun mobilyalar bulabilirsiniz? bir Do\u011fu \u00fclkesinde Avrupa standartlar\u0131nda mobilya ve aksesuarlar? ve uygun bir fiyata.<\/p>\n<p>Modern veya geleneksel antika, ar\u0131yorsan\u0131z olsun, ekibimiz ihtiya\u00e7lar\u0131n\u0131z\u0131 kar\u015f\u0131layacak en yetkili uzman d\u00fckkanlara size rehberlik edelim. Ekibimiz\u00a0 \u00a0bu s\u00fcre i\u00e7inde sizinle birlikte olacak.[\/vc_column_text][\/vc_column][\/vc_row]<\/p>","protected":false},"excerpt":{"rendered":"<p>[vc_row][vc_column width=&#8221;1\/3&#8243;][vc_single_image image=&#8221;17269&#8243; img_size=&#8221;medium&#8221; onclick=&#8221;link_image&#8221;][\/vc_column][vc_column width=&#8221;2\/3&#8243;][vc_column_text]Alanya&#8217;da hayalinizdeki m\u00fclk\u00fc sat\u0131n ald\u0131n\u0131z ve \u015fimdi ki\u015fisel dokunu\u015funuzu yeni evinize getirmeye ba\u015flayabilirsiniz. Ayr\u0131ca bu ad\u0131m ile profesyonel yard\u0131mc\u0131 ve h\u0131zl\u0131 bir \u015fekilde yeni daire veya villa dikkatsiz ve ta\u015f\u0131mak i\u00e7in yard\u0131mc\u0131 olacakt\u0131r.[\/vc_column_text][\/vc_column][\/vc_row][vc_row][vc_column][vc_column_text]lanya&#8217;daki \u00e7e\u015fitli mobilya ma\u011fazalar\u0131yla i\u015fbirli\u011fi yap\u0131yoruz, b\u00f6ylece herkes kendi tarz\u0131nda ve b\u00fct\u00e7esinde bir \u015feyler bulabilir. Hayalinizdeki evde oldu\u011funuzu [&hellip;]<\/p>\n","protected":false},"author":1,"featured_media":0,"parent":58,"menu_order":0,"comment_status":"closed","ping_status":"closed","template":"template\/template-maremont-page.php","meta":[],"_links":{"self":[{"href":"https:\/\/maremontrealestate.com\/tr\/wp-json\/wp\/v2\/pages\/17172"}],"collection":[{"href":"https:\/\/maremontrealestate.com\/tr\/wp-json\/wp\/v2\/pages"}],"about":[{"href":"https:\/\/maremontrealestate.com\/tr\/wp-json\/wp\/v2\/types\/page"}],"author":[{"embeddable":true,"href":"https:\/\/maremontrealestate.com\/tr\/wp-json\/wp\/v2\/users\/1"}],"replies":[{"embeddable":true,"href":"https:\/\/maremontrealestate.com\/tr\/wp-json\/wp\/v2\/comments?post=17172"}],"version-history":[{"count":4,"href":"https:\/\/maremontrealestate.com\/tr\/wp-json\/wp\/v2\/pages\/17172\/revisions"}],"predecessor-version":[{"id":18878,"href":"https:\/\/maremontrealestate.com\/tr\/wp-json\/wp\/v2\/pages\/17172\/revisions\/18878"}],"up":[{"embeddable":true,"href":"https:\/\/maremontrealestate.com\/tr\/wp-json\/wp\/v2\/pages\/58"}],"wp:attachment":[{"href":"https:\/\/maremontrealestate.com\/tr\/wp-json\/wp\/v2\/media?parent=17172"}],"curies":[{"name":"wp","href":"https:\/\/api.w.org\/{rel}","templated":true}]}}