{"id":18522,"date":"2022-04-19T13:01:19","date_gmt":"2022-04-19T13:01:19","guid":{"rendered":"https:\/\/www.maremontrealestate.com\/?page_id=18522"},"modified":"2022-12-15T14:39:48","modified_gmt":"2022-12-15T14:39:48","slug":"solution-partners","status":"publish","type":"page","link":"https:\/\/maremontrealestate.com\/tr\/about-us\/solution-partners\/","title":{"rendered":"\u00c7\u00f6z\u00fcm Ortaklar\u0131m\u0131z"},"content":{"rendered":"<p>[vc_row el_class=&#8221;block-maremont&#8221;][vc_column]\t\t<div\r\n\t\t\tclass=\"houzez-module module-title section-title-module text-left \">\r\n\t\t\t<h2>Bankalar<\/h2>\r\n\r\n\t\t\t<p class=\"sub-heading\"><\/p>\r\n\t\t<\/div>\r\n\t\t[vc_column_text]Siz de\u011ferli m\u00fc\u015fterilerimizin hayallerindeki gayrimenkule kavu\u015fabilmesi i\u00e7in ihtiyac\u0131n\u0131z olan banka kredi i\u015flemlerinizde yan\u0131n\u0131zda oluyoruz. Talebiniz do\u011frultusunda sizin i\u00e7in en uygun krediyi, en uygun \u015fartlarda ve en h\u0131zl\u0131 \u015fekilde alabilmeniz i\u00e7in size yard\u0131mc\u0131 oluyoruz.<\/p>\n<p>Konuyla ilgili \u00e7\u00f6z\u00fcm ortaklar\u0131m\u0131z;\u00a0<strong>Garanti Bankas\u0131<\/strong>,\u00a0<strong>\u0130\u015f Bankas\u0131<\/strong>,\u00a0<strong>Denizbank<\/strong>,\u00a0<strong>TEB<\/strong>\u00a0ve\u00a0<strong>HSBC<\/strong>\u2018dir.[\/vc_column_text][\/vc_column][\/vc_row][vc_row el_class=&#8221;block-maremont&#8221;][vc_column]\t\t<div\r\n\t\t\tclass=\"houzez-module module-title section-title-module text-left \">\r\n\t\t\t<h2>Sigorta \u015eirketleri<\/h2>\r\n\r\n\t\t\t<p class=\"sub-heading\"><\/p>\r\n\t\t<\/div>\r\n\t\t[vc_column_text]Gayrimenkulun al\u0131m\u0131ndan sonra da size yard\u0131mc\u0131 olmaya devam ediyoruz. \u0130htiyac\u0131n\u0131z do\u011frultusunda daireniz, villan\u0131z, ofisiniz ve hatta oteliniz i\u00e7in gerekli sigorta ihtiya\u00e7lar\u0131n\u0131zda \u00e7\u00f6z\u00fcm ortaklar\u0131m\u0131zla birlikte yan\u0131n\u0131zda oluyoruz.<\/p>\n<p>\u00c7al\u0131\u015ft\u0131\u011f\u0131m\u0131z \u00e7\u00f6z\u00fcm ortaklar\u0131m\u0131z;\u00a0<strong>Allianz<\/strong>,\u00a0<strong>AkSigorta<\/strong>\u00a0ve\u00a0<strong>Axa<\/strong>\u2018d\u0131r.[\/vc_column_text][\/vc_column][\/vc_row][vc_row el_class=&#8221;block-maremont&#8221;][vc_column]\t\t<div\r\n\t\t\tclass=\"houzez-module module-title section-title-module text-left \">\r\n\t\t\t<h2>Transfer ve Ara\u00e7 Kiralama Hizmeti<\/h2>\r\n\r\n\t\t\t<p class=\"sub-heading\"><\/p>\r\n\t\t<\/div>\r\n\t\t[vc_column_text]\u015eirketimiz <strong>Antalya ve Gazipa\u015fa Havaliman\u0131<\/strong> transferlerinde ve ara\u00e7 kiralamalar\u0131nda da sizlere yard\u0131mc\u0131 olmaktad\u0131r. Size \u00f6zel transfer i\u015flemleriniz sonucunda sizleri sevdiklerinizle bulu\u015fturmaktan mutluluk duyuyoruz.[\/vc_column_text][\/vc_column][\/vc_row][vc_row el_class=&#8221;block-maremont-slider&#8221;][vc_column][vc_separator]\n\n        <div class=\"partners-module partners-module-slider\">\n\n            <div class=\"property-carousel-buttons-wrap\">\n                <button type=\"button\" class=\"partner-prev-js slick-prev btn-primary-outlined\">\u00d6nceki<\/button>\n                <button type=\"button\" class=\"partner-next-js slick-next btn-primary-outlined\">Sonraki<\/button>\n            <\/div><!-- property-carousel-buttons-wrap -->\n\n            <div class=\"partners-slider-wrap houzez-all-slider-wrap\">\n                \n                        <div class=\"partner-item\">\n                            <a target=\"_blank\" href=\"http:\/\/www.leartes.net\">\n                                <img width=\"324\" height=\"56\" src=\"https:\/\/maremontrealestate.com\/wp-content\/uploads\/2016\/03\/logo-leartes_net.png\" class=\"attachment-full size-full wp-post-image\" alt=\"\" loading=\"lazy\" srcset=\"https:\/\/maremontrealestate.com\/wp-content\/uploads\/2016\/03\/logo-leartes_net.png 324w, https:\/\/maremontrealestate.com\/wp-content\/uploads\/2016\/03\/logo-leartes_net-300x52.png 300w\" sizes=\"(max-width: 324px) 100vw, 324px\" \/>                            <\/a>\n                        <\/div>\n                \n                \n                        <div class=\"partner-item\">\n                            <a target=\"_blank\" href=\"https:\/\/www.enzahome.com.tr\/\">\n                                <img width=\"324\" height=\"56\" src=\"https:\/\/maremontrealestate.com\/wp-content\/uploads\/2016\/03\/enza-logo.png\" class=\"attachment-full size-full wp-post-image\" alt=\"\" loading=\"lazy\" srcset=\"https:\/\/maremontrealestate.com\/wp-content\/uploads\/2016\/03\/enza-logo.png 324w, https:\/\/maremontrealestate.com\/wp-content\/uploads\/2016\/03\/enza-logo-300x52.png 300w\" sizes=\"(max-width: 324px) 100vw, 324px\" \/>                            <\/a>\n                        <\/div>\n                \n                \n                        <div class=\"partner-item\">\n                            <a target=\"_blank\" href=\"http:\/\/www.kamburoglu.com.tr\/\">\n                                <img width=\"324\" height=\"56\" src=\"https:\/\/maremontrealestate.com\/wp-content\/uploads\/2016\/03\/kamburoglu.png\" class=\"attachment-full size-full wp-post-image\" alt=\"\" loading=\"lazy\" srcset=\"https:\/\/maremontrealestate.com\/wp-content\/uploads\/2016\/03\/kamburoglu.png 324w, https:\/\/maremontrealestate.com\/wp-content\/uploads\/2016\/03\/kamburoglu-300x52.png 300w\" sizes=\"(max-width: 324px) 100vw, 324px\" \/>                            <\/a>\n                        <\/div>\n                \n                \n                        <div class=\"partner-item\">\n                            <a target=\"_blank\" href=\"https:\/\/mixxtravel.com\/\">\n                                <img width=\"324\" height=\"56\" src=\"https:\/\/maremontrealestate.com\/wp-content\/uploads\/2016\/03\/mixx-travel.png\" class=\"attachment-full size-full wp-post-image\" alt=\"\" loading=\"lazy\" srcset=\"https:\/\/maremontrealestate.com\/wp-content\/uploads\/2016\/03\/mixx-travel.png 324w, https:\/\/maremontrealestate.com\/wp-content\/uploads\/2016\/03\/mixx-travel-300x52.png 300w\" sizes=\"(max-width: 324px) 100vw, 324px\" \/>                            <\/a>\n                        <\/div>\n                \n                \n                        <div class=\"partner-item\">\n                            <a target=\"_blank\" href=\"http:\/\/garanti.com.tr\/en\">\n                                <img width=\"324\" height=\"56\" src=\"https:\/\/maremontrealestate.com\/wp-content\/uploads\/2016\/03\/garantibbva-logo.png\" class=\"attachment-full size-full wp-post-image\" alt=\"\" loading=\"lazy\" srcset=\"https:\/\/maremontrealestate.com\/wp-content\/uploads\/2016\/03\/garantibbva-logo.png 324w, https:\/\/maremontrealestate.com\/wp-content\/uploads\/2016\/03\/garantibbva-logo-300x52.png 300w\" sizes=\"(max-width: 324px) 100vw, 324px\" \/>                            <\/a>\n                        <\/div>\n                \n                \n                        <div class=\"partner-item\">\n                            <a target=\"_blank\" href=\"https:\/\/www.turkishairlines.com\/\">\n                                <img width=\"324\" height=\"56\" src=\"https:\/\/maremontrealestate.com\/wp-content\/uploads\/2016\/03\/turkish-airlines.png\" class=\"attachment-full size-full wp-post-image\" alt=\"\" loading=\"lazy\" srcset=\"https:\/\/maremontrealestate.com\/wp-content\/uploads\/2016\/03\/turkish-airlines.png 324w, https:\/\/maremontrealestate.com\/wp-content\/uploads\/2016\/03\/turkish-airlines-300x52.png 300w\" sizes=\"(max-width: 324px) 100vw, 324px\" \/>                            <\/a>\n                        <\/div>\n                \n                \n                        <div class=\"partner-item\">\n                            <a target=\"_blank\" href=\"https:\/\/www.isbank.com.tr\/\">\n                                <img width=\"324\" height=\"56\" src=\"https:\/\/maremontrealestate.com\/wp-content\/uploads\/2022\/04\/logo-is-bankasi.png\" class=\"attachment-full size-full wp-post-image\" alt=\"\" loading=\"lazy\" srcset=\"https:\/\/maremontrealestate.com\/wp-content\/uploads\/2022\/04\/logo-is-bankasi.png 324w, https:\/\/maremontrealestate.com\/wp-content\/uploads\/2022\/04\/logo-is-bankasi-300x52.png 300w\" sizes=\"(max-width: 324px) 100vw, 324px\" \/>                            <\/a>\n                        <\/div>\n                \n                \n                        <div class=\"partner-item\">\n                            <a target=\"_blank\" href=\"https:\/\/www.denizbank.com\/\">\n                                <img width=\"324\" height=\"56\" src=\"https:\/\/maremontrealestate.com\/wp-content\/uploads\/2022\/04\/logo-denizbank.png\" class=\"attachment-full size-full wp-post-image\" alt=\"\" loading=\"lazy\" srcset=\"https:\/\/maremontrealestate.com\/wp-content\/uploads\/2022\/04\/logo-denizbank.png 324w, https:\/\/maremontrealestate.com\/wp-content\/uploads\/2022\/04\/logo-denizbank-300x52.png 300w\" sizes=\"(max-width: 324px) 100vw, 324px\" \/>                            <\/a>\n                        <\/div>\n                \n                \n                        <div class=\"partner-item\">\n                            <a target=\"_blank\" href=\"https:\/\/www.teb.com.tr\/\">\n                                <img width=\"324\" height=\"56\" src=\"https:\/\/maremontrealestate.com\/wp-content\/uploads\/2022\/04\/logo-teb.png\" class=\"attachment-full size-full wp-post-image\" alt=\"\" loading=\"lazy\" srcset=\"https:\/\/maremontrealestate.com\/wp-content\/uploads\/2022\/04\/logo-teb.png 324w, https:\/\/maremontrealestate.com\/wp-content\/uploads\/2022\/04\/logo-teb-300x52.png 300w\" sizes=\"(max-width: 324px) 100vw, 324px\" \/>                            <\/a>\n                        <\/div>\n                \n                \n                        <div class=\"partner-item\">\n                            <a target=\"_blank\" href=\"https:\/\/www.hsbc.com.tr\/\">\n                                <img width=\"324\" height=\"56\" src=\"https:\/\/maremontrealestate.com\/wp-content\/uploads\/2022\/04\/logo-hsbc.png\" class=\"attachment-full size-full wp-post-image\" alt=\"\" loading=\"lazy\" srcset=\"https:\/\/maremontrealestate.com\/wp-content\/uploads\/2022\/04\/logo-hsbc.png 324w, https:\/\/maremontrealestate.com\/wp-content\/uploads\/2022\/04\/logo-hsbc-300x52.png 300w\" sizes=\"(max-width: 324px) 100vw, 324px\" \/>                            <\/a>\n                        <\/div>\n                \n                \n                        <div class=\"partner-item\">\n                            <a target=\"_blank\" href=\"https:\/\/maremontrentacar.com\/\">\n                                <img width=\"324\" height=\"56\" src=\"https:\/\/maremontrealestate.com\/wp-content\/uploads\/2022\/04\/logo-maremont_rentacar.png\" class=\"attachment-full size-full wp-post-image\" alt=\"\" loading=\"lazy\" srcset=\"https:\/\/maremontrealestate.com\/wp-content\/uploads\/2022\/04\/logo-maremont_rentacar.png 324w, https:\/\/maremontrealestate.com\/wp-content\/uploads\/2022\/04\/logo-maremont_rentacar-300x52.png 300w\" sizes=\"(max-width: 324px) 100vw, 324px\" \/>                            <\/a>\n                        <\/div>\n                \n                \n                        <div class=\"partner-item\">\n                            <a target=\"_blank\" href=\"https:\/\/www.allianz.com.tr\/\">\n                                <img width=\"324\" height=\"56\" src=\"https:\/\/maremontrealestate.com\/wp-content\/uploads\/2022\/04\/logo-allianz.png\" class=\"attachment-full size-full wp-post-image\" alt=\"\" loading=\"lazy\" srcset=\"https:\/\/maremontrealestate.com\/wp-content\/uploads\/2022\/04\/logo-allianz.png 324w, https:\/\/maremontrealestate.com\/wp-content\/uploads\/2022\/04\/logo-allianz-300x52.png 300w\" sizes=\"(max-width: 324px) 100vw, 324px\" \/>                            <\/a>\n                        <\/div>\n                \n                \n                        <div class=\"partner-item\">\n                            <a target=\"_blank\" href=\"https:\/\/www.aksigorta.com.tr\/\">\n                                <img width=\"324\" height=\"56\" src=\"https:\/\/maremontrealestate.com\/wp-content\/uploads\/2022\/04\/logo-aksigorta.png\" class=\"attachment-full size-full wp-post-image\" alt=\"\" loading=\"lazy\" srcset=\"https:\/\/maremontrealestate.com\/wp-content\/uploads\/2022\/04\/logo-aksigorta.png 324w, https:\/\/maremontrealestate.com\/wp-content\/uploads\/2022\/04\/logo-aksigorta-300x52.png 300w\" sizes=\"(max-width: 324px) 100vw, 324px\" \/>                            <\/a>\n                        <\/div>\n                \n                \n                        <div class=\"partner-item\">\n                            <a target=\"_blank\" href=\"https:\/\/www.axasigorta.com.tr\/\">\n                                <img width=\"324\" height=\"56\" src=\"https:\/\/maremontrealestate.com\/wp-content\/uploads\/2022\/04\/logo-axa.png\" class=\"attachment-full size-full wp-post-image\" alt=\"\" loading=\"lazy\" srcset=\"https:\/\/maremontrealestate.com\/wp-content\/uploads\/2022\/04\/logo-axa.png 324w, https:\/\/maremontrealestate.com\/wp-content\/uploads\/2022\/04\/logo-axa-300x52.png 300w\" sizes=\"(max-width: 324px) 100vw, 324px\" \/>                            <\/a>\n                        <\/div>\n                \n                                \n            <\/div><!-- testimonials-slider -->\n        <\/div><!-- testimonials-module -->\n\n\n        [\/vc_column][\/vc_row]<\/p>","protected":false},"excerpt":{"rendered":"<p>[vc_row el_class=&#8221;block-maremont&#8221;][vc_column][vc_column_text]Siz de\u011ferli m\u00fc\u015fterilerimizin hayallerindeki gayrimenkule kavu\u015fabilmesi i\u00e7in ihtiyac\u0131n\u0131z olan banka kredi i\u015flemlerinizde yan\u0131n\u0131zda oluyoruz. Talebiniz do\u011frultusunda sizin i\u00e7in en uygun krediyi, en uygun \u015fartlarda ve en h\u0131zl\u0131 \u015fekilde alabilmeniz i\u00e7in size yard\u0131mc\u0131 oluyoruz. Konuyla ilgili \u00e7\u00f6z\u00fcm ortaklar\u0131m\u0131z;\u00a0Garanti Bankas\u0131,\u00a0\u0130\u015f Bankas\u0131,\u00a0Denizbank,\u00a0TEB\u00a0ve\u00a0HSBC\u2018dir.[\/vc_column_text][\/vc_column][\/vc_row][vc_row el_class=&#8221;block-maremont&#8221;][vc_column][vc_column_text]Gayrimenkulun al\u0131m\u0131ndan sonra da size yard\u0131mc\u0131 olmaya devam ediyoruz. \u0130htiyac\u0131n\u0131z do\u011frultusunda daireniz, villan\u0131z, ofisiniz ve [&hellip;]<\/p>\n","protected":false},"author":1,"featured_media":0,"parent":16650,"menu_order":0,"comment_status":"closed","ping_status":"closed","template":"template\/template-page.php","meta":[],"_links":{"self":[{"href":"https:\/\/maremontrealestate.com\/tr\/wp-json\/wp\/v2\/pages\/18522"}],"collection":[{"href":"https:\/\/maremontrealestate.com\/tr\/wp-json\/wp\/v2\/pages"}],"about":[{"href":"https:\/\/maremontrealestate.com\/tr\/wp-json\/wp\/v2\/types\/page"}],"author":[{"embeddable":true,"href":"https:\/\/maremontrealestate.com\/tr\/wp-json\/wp\/v2\/users\/1"}],"replies":[{"embeddable":true,"href":"https:\/\/maremontrealestate.com\/tr\/wp-json\/wp\/v2\/comments?post=18522"}],"version-history":[{"count":4,"href":"https:\/\/maremontrealestate.com\/tr\/wp-json\/wp\/v2\/pages\/18522\/revisions"}],"predecessor-version":[{"id":22270,"href":"https:\/\/maremontrealestate.com\/tr\/wp-json\/wp\/v2\/pages\/18522\/revisions\/22270"}],"up":[{"embeddable":true,"href":"https:\/\/maremontrealestate.com\/tr\/wp-json\/wp\/v2\/pages\/16650"}],"wp:attachment":[{"href":"https:\/\/maremontrealestate.com\/tr\/wp-json\/wp\/v2\/media?parent=18522"}],"curies":[{"name":"wp","href":"https:\/\/api.w.org\/{rel}","templated":true}]}}