{"id":2706,"date":"2016-10-13T18:20:06","date_gmt":"2016-10-13T18:20:06","guid":{"rendered":"https:\/\/default.houzez.co\/?page_id=2706"},"modified":"2023-08-07T09:46:23","modified_gmt":"2023-08-07T09:46:23","slug":"inspection-trip","status":"publish","type":"page","link":"https:\/\/maremontrealestate.com\/tr\/our-services\/inspection-trip\/","title":{"rendered":"\u0130nceleme Gezisi"},"content":{"rendered":"<p><\/p>\n<h6>\u0130nceleme gezimize neler dahildir?<\/h6>\n<p>Maremont&#8217;ta T\u00fcrkiye&#8217;ye gelmenizi ve T\u00fcrkiye&#8217;deki se\u00e7ilmi\u015f m\u00fclklerimizi g\u00f6rmenizi tavsiye ediyoruz<!--more--><\/p>\n<p>Maremont&#8217;ta T\u00fcrkiye&#8217;ye gelmenizi ve T\u00fcrkiye&#8217;deki se\u00e7ilmi\u015f m\u00fclklerimizi yerinde g\u00f6rmenizi ve b\u00f6lgenin \u00e7e\u015fitli b\u00f6lgelerini tan\u0131man\u0131z\u0131 tavsiye ediyoruz. T\u00fcrkiye&#8217;de kald\u0131\u011f\u0131n\u0131z s\u00fcre boyunca size t\u00fcm dikkatimizi garanti, m\u00fclkiyet g\u00f6r\u00fcnt\u00fcleme ve T\u00fcrkiye hakk\u0131nda olumlu bir deneyim birle\u015ftirerek hepsi bir arada. T\u00fcrkiye&#8217;de m\u00fclklerin gezilmesi en az 4 g\u00fcn s\u00fcrer ve etkili bir \u015fekilde harcarsan\u0131z zaman\u0131n yeterli oldu\u011funu biliyoruz. T\u00fcrkiye&#8217;deki m\u00fclk\u00fc ziyaret etmeden \u00f6nce t\u00fcm bilgileri vermek ve b\u00f6lge hakk\u0131ndaki bilgimizi payla\u015fmak istiyoruz.<\/p>\n<p>Maremont havaalan\u0131 (Antalya, Alanya), t\u00fcm olanaklar ve olanaklar ile tamamen mobilyal\u0131 Daire \u00c7ift transferleri d\u00fczenlemek<\/p>\n<h3>\u0130zleme Gezisi:<\/h3>\n<p><strong>\u2022Ad\u0131m 1-Transfer<\/strong><\/p>\n<p>Transfer personelimiz sizi havaalan\u0131ndan alacak ve sizi izleme geziniz i\u00e7in d\u00fczenledi\u011fimiz daireye g\u00f6t\u00fcrecektir. \u0130htiyac\u0131n\u0131z olan her \u015feyi konaklama biriminizde bulacaks\u0131n\u0131z. Her zaman herhangi bir sorun varsa saat 0090 507 643 0621 yuvarlak mevcuttur bizim hatt\u0131 \u00fczerinde bizimle irtibata ge\u00e7ebilirsiniz.<\/p>\n<p><strong>\u2022 Ad\u0131m 2-Giri\u015f ve b\u00f6lge deneyimi<\/strong><\/p>\n<p>Temsilciniz giri\u015f toplant\u0131s\u0131 i\u00e7in var\u0131\u015f\u0131n\u0131zdan bir g\u00fcn sonra sizi dairede ziyaret edecektir.<br \/>\nE\u011fer planlanan m\u00fclkiyet g\u00f6r\u00fcnt\u00fcleme tart\u0131\u015fmak i\u00e7in \u015fans olacak ve ajan size T\u00fcrkiye&#8217;de bir m\u00fclk sat\u0131n alma formaliteleri ve prosed\u00fcrleri hakk\u0131nda bilgi vermek ve ayn\u0131 zamanda sat\u0131\u015f s\u00fcreci s\u0131ras\u0131nda ve sonras\u0131nda hizmetlerimiz hakk\u0131nda bilgi verecektir a\u00e7\u0131l\u0131r herhangi bir soru sormak l\u00fctfen.Biz izleme gezisi m\u00fc\u015fterileri i\u00e7in \u00f6zel dan\u0131\u015fmanl\u0131k sa\u011flar.Biz her zaman favori alan\u0131 se\u00e7ebilirsiniz b\u00f6ylece bunu yaparak size b\u00f6lgenin \u00e7e\u015fitli il\u00e7eleri hakk\u0131nda kapsaml\u0131 bir bilgi vermek edebilmek i\u00e7in gezi ile ba\u015flar.<\/p>\n<p><strong>\u2022Ad\u0131m 3-M\u00fclkiyet G\u00f6r\u00fcnt\u00fcleme<\/strong><\/p>\n<p>E\u011fer ya\u015fam keyfini favori alan\u0131 se\u00e7tikten sonra, o zaman sizin isteklerinize (b\u00fct\u00e7e, boyut, vb) g\u00f6re alanda \u00f6zellikleri odaklanmak).<\/p>\n<p>Sadece isteklerinize uygun \u00f6zellikleri ziyaret etmenizi sa\u011flamak istiyoruz.B\u00f6lgedeki \u00f6zellikler hakk\u0131nda size daha net bir resim vermek i\u00e7in g\u00fcnde en az 5 \u00f6zellik bak\u0131yoruz. Siz ve aileniz i\u00e7in T\u00fcrkiye&#8217;de do\u011fru m\u00fclk\u00fc se\u00e7tikten sonra , bunlar\u0131 tekrar g\u00f6rme ve ilgili t\u00fcm bilgileri ( fiyat listesi, kat plan\u0131 vb.) acentenizden alma \u015fans\u0131na sahip olacaks\u0131n\u0131z.<\/p>\n<p><strong>\u20224. ad\u0131m size T\u00fcrkiye&#8217;de bir m\u00fclk sat\u0131n alman\u0131n yasal taraf\u0131n\u0131 g\u00f6sterece\u011fiz.<\/strong><\/p>\n<p>T\u00fcrkiye&#8217;de m\u00fclk\u00fcn\u00fcz\u00fc se\u00e7tikten sonra, sat\u0131n alma prosed\u00fcr\u00fcne ilerlemeye haz\u0131r oldu\u011funuzdan emin olmak i\u00e7in size bir kez daha sat\u0131n alma s\u00fcreci hakk\u0131nda bilgi verece\u011fiz.<\/p>\n<p>T\u00fcrkiye&#8217;de bir m\u00fclk sat\u0131n alman\u0131n yasal taraf\u0131n\u0131 size g\u00f6sterece\u011fiz. T\u00fcrkiye&#8217;de sizin i\u00e7in bir banka hesab\u0131 a\u00e7aca\u011f\u0131z, sat\u0131n alma i\u015fleminizi m\u00fcmk\u00fcn oldu\u011funca kolayla\u015ft\u0131rmak i\u00e7in vergi Kay\u0131t numaras\u0131 alman\u0131za yard\u0131mc\u0131 olaca\u011f\u0131z.<\/p>\n<h5><strong>B\u0130Z, KARAR VERMEDEN \u00d6NCE M\u00dc\u015eTER\u0130LER\u0130M\u0130Z\u0130N STRESL\u0130 H\u0130SSETMES\u0130N\u0130 \u0130STEM\u0130YORUZ.<\/strong><\/h5>\n<p>T\u00fcrkiye&#8217;de m\u00fclk\u00fcn\u00fcz\u00fc sat\u0131n alma s\u00fcrecinde ve sonras\u0131nda t\u00fcm dikkat ve kons\u00fcltasyonumuza sahip olman\u0131z\u0131 sa\u011flayaca\u011f\u0131z.<\/p>\n<h3><strong>U\u00e7ak Biletleri<\/strong><\/h3>\n<p>Biz g\u00f6r\u00fcnt\u00fcleme gezisi i\u00e7in u\u00e7ak bileti rezervasyonu i\u00e7in yard\u0131mc\u0131 olur. E\u011fer izleme gezisi s\u0131ras\u0131nda bizim arac\u0131l\u0131\u011f\u0131m\u0131zla bir m\u00fclk sat\u0131n al\u0131rsan\u0131z, Maremont u\u00e7ak biletlerinin maliyetini iade edecektir.<\/p>\n<h3><strong>Odalar<\/strong><\/h3>\n<p>Biz de g\u00f6r\u00fcnt\u00fcleme gezisi s\u0131ras\u0131nda sizin ve aileniz i\u00e7in konaklama d\u00fczenlemek. Biz her zaman onlara T\u00fcrkiye&#8217;de bir m\u00fclk sahibi hissi ya\u015famaya \u015fans vermek i\u00e7in kendi daire bizim izleme gezi misafirler i\u00e7in bir daire d\u00fczenlemek. Misafirlerimiz \u00e7evredeki m\u00fclkiyet ve karakter kalitesini kontrol etmek i\u00e7in \u015fans.<\/p>","protected":false},"excerpt":{"rendered":"<p>Sorry, this entry is only available in Amerikan \u0130ngilizcesi.<\/p>\n","protected":false},"author":1,"featured_media":18884,"parent":58,"menu_order":0,"comment_status":"closed","ping_status":"closed","template":"template\/template-maremont-page.php","meta":[],"_links":{"self":[{"href":"https:\/\/maremontrealestate.com\/tr\/wp-json\/wp\/v2\/pages\/2706"}],"collection":[{"href":"https:\/\/maremontrealestate.com\/tr\/wp-json\/wp\/v2\/pages"}],"about":[{"href":"https:\/\/maremontrealestate.com\/tr\/wp-json\/wp\/v2\/types\/page"}],"author":[{"embeddable":true,"href":"https:\/\/maremontrealestate.com\/tr\/wp-json\/wp\/v2\/users\/1"}],"replies":[{"embeddable":true,"href":"https:\/\/maremontrealestate.com\/tr\/wp-json\/wp\/v2\/comments?post=2706"}],"version-history":[{"count":3,"href":"https:\/\/maremontrealestate.com\/tr\/wp-json\/wp\/v2\/pages\/2706\/revisions"}],"predecessor-version":[{"id":23146,"href":"https:\/\/maremontrealestate.com\/tr\/wp-json\/wp\/v2\/pages\/2706\/revisions\/23146"}],"up":[{"embeddable":true,"href":"https:\/\/maremontrealestate.com\/tr\/wp-json\/wp\/v2\/pages\/58"}],"wp:featuredmedia":[{"embeddable":true,"href":"https:\/\/maremontrealestate.com\/tr\/wp-json\/wp\/v2\/media\/18884"}],"wp:attachment":[{"href":"https:\/\/maremontrealestate.com\/tr\/wp-json\/wp\/v2\/media?parent=2706"}],"curies":[{"name":"wp","href":"https:\/\/api.w.org\/{rel}","templated":true}]}}