{"id":4258,"date":"2017-01-10T11:00:36","date_gmt":"2017-01-10T11:00:36","guid":{"rendered":"https:\/\/default.houzez.co\/?page_id=4258"},"modified":"2022-12-15T15:22:36","modified_gmt":"2022-12-15T15:22:36","slug":"moving","status":"publish","type":"page","link":"https:\/\/maremontrealestate.com\/tr\/our-services\/moving\/","title":{"rendered":"Ta\u015f\u0131nma"},"content":{"rendered":"<p>Y\u0131llarca ya\u015fad\u0131\u011f\u0131n\u0131z ve de\u011fer verdi\u011finiz e\u015fyalar\u0131n\u0131z\u0131 yeni evinize g\u00f6t\u00fcrmek ger\u00e7ekten dikkat isteyen bir i\u015ftir.<\/p>\n<p><!--more--><\/p>\n<p>Y\u0131llarca ya\u015fad\u0131\u011f\u0131n\u0131z ve de\u011fer verdi\u011finiz e\u015fyalar\u0131n\u0131z\u0131 yeni evinize g\u00f6t\u00fcrmek ger\u00e7ekten dikkat isteyen bir i\u015ftir. \u015eehir i\u00e7i ve \u015fehirler aras\u0131 ev ta\u015f\u0131ma ihtiyac\u0131n\u0131z durumunda size yard\u0131mc\u0131 oluyoruz. E\u015fyalar\u0131n\u0131z\u0131 g\u00fcvenli ve sigortal\u0131 bir \u015fekilde yeni yerinize ula\u015ft\u0131r\u0131yoruz.<\/p>","protected":false},"excerpt":{"rendered":"<p>Sorry, this entry is only available in Amerikan \u0130ngilizcesi.<\/p>\n","protected":false},"author":1,"featured_media":22277,"parent":58,"menu_order":0,"comment_status":"closed","ping_status":"closed","template":"template\/template-maremont-page.php","meta":[],"_links":{"self":[{"href":"https:\/\/maremontrealestate.com\/tr\/wp-json\/wp\/v2\/pages\/4258"}],"collection":[{"href":"https:\/\/maremontrealestate.com\/tr\/wp-json\/wp\/v2\/pages"}],"about":[{"href":"https:\/\/maremontrealestate.com\/tr\/wp-json\/wp\/v2\/types\/page"}],"author":[{"embeddable":true,"href":"https:\/\/maremontrealestate.com\/tr\/wp-json\/wp\/v2\/users\/1"}],"replies":[{"embeddable":true,"href":"https:\/\/maremontrealestate.com\/tr\/wp-json\/wp\/v2\/comments?post=4258"}],"version-history":[{"count":4,"href":"https:\/\/maremontrealestate.com\/tr\/wp-json\/wp\/v2\/pages\/4258\/revisions"}],"predecessor-version":[{"id":22279,"href":"https:\/\/maremontrealestate.com\/tr\/wp-json\/wp\/v2\/pages\/4258\/revisions\/22279"}],"up":[{"embeddable":true,"href":"https:\/\/maremontrealestate.com\/tr\/wp-json\/wp\/v2\/pages\/58"}],"wp:featuredmedia":[{"embeddable":true,"href":"https:\/\/maremontrealestate.com\/tr\/wp-json\/wp\/v2\/media\/22277"}],"wp:attachment":[{"href":"https:\/\/maremontrealestate.com\/tr\/wp-json\/wp\/v2\/media?parent=4258"}],"curies":[{"name":"wp","href":"https:\/\/api.w.org\/{rel}","templated":true}]}}