{"id":5350,"date":"2017-02-10T17:00:47","date_gmt":"2017-02-10T17:00:47","guid":{"rendered":"https:\/\/default.houzez.co\/?page_id=5350"},"modified":"2022-12-15T14:52:51","modified_gmt":"2022-12-15T14:52:51","slug":"after-sale-service","status":"publish","type":"page","link":"https:\/\/maremontrealestate.com\/tr\/our-services\/after-sale-service\/","title":{"rendered":"Sat\u0131\u015f Sonras\u0131 Hizmetler"},"content":{"rendered":"<p>Gayrimenkul\u00fcn\u00fcz\u00fc ald\u0131ktan sonra da sizi yaln\u0131z b\u0131rakm\u0131yoruz. Talebiniz do\u011frultusunda a\u015fa\u011f\u0131daki i\u015flemler i\u00e7in de size servis vermeye devam ediyoruz.<\/p>\n<p><!--more--><\/p>\n<ul>\n<li><strong>Abonelik hizmetleri:<\/strong> \u0130stek \u00fczerine m\u00fc\u015fteri ad\u0131na elektrik, su, ev ve cep telefonu aboneliklerinin al\u0131nmas\u0131.<\/li>\n<li><strong>Dekorasyon:<\/strong> Mobilya al\u0131m\u0131 ve i\u00e7 dekorasyon dan\u0131\u015fmanl\u0131\u011f\u0131.<\/li>\n<li><strong>Gayrimenkul Sigortas\u0131:<\/strong> Gayrimenkul\u00fcn en uygun fiyata sigortalanmas\u0131 konusunda dan\u0131\u015fmanl\u0131k.<\/li>\n<li><strong>Temizlik:<\/strong> \u0130stenildi\u011finde daire, villa ve ofis temizli\u011fi servisi.<\/li>\n<li><strong>Teknik Hizmetler:<\/strong> elektrik, su, \u0131s\u0131tma ve klima sistemlerinin kontrol\u00fc; m\u00fc\u015fteriye sorunun bildirip izni al\u0131nd\u0131ktan sonra, teknik personellerle sorunlar\u0131n giderilmesi.<\/li>\n<li><strong>Otomobil Kiralama:<\/strong> \u00c7\u00f6z\u00fcm ortaklar\u0131m\u0131zla uygun \u015fartlarda en son model otomobillerin kiralanmas\u0131.<\/li>\n<li><strong>Havaliman\u0131 transfer:<\/strong> Antalya ve Gazipa\u015fa Havaliman\u0131\u2019na size \u00f6zel uygun fiyatlara transfer hizmeti.<\/li>\n<li><strong>Peyzaj: <\/strong>Villa ve bloklar\u0131n peyzaj d\u00fczenlemesi ve bak\u0131m\u0131.<\/li>\n<\/ul>\n<p>&nbsp;<\/p>","protected":false},"excerpt":{"rendered":"<p>Sorry, this entry is only available in Amerikan \u0130ngilizcesi.<\/p>\n","protected":false},"author":1,"featured_media":18866,"parent":58,"menu_order":0,"comment_status":"closed","ping_status":"closed","template":"template\/template-maremont-page.php","meta":[],"_links":{"self":[{"href":"https:\/\/maremontrealestate.com\/tr\/wp-json\/wp\/v2\/pages\/5350"}],"collection":[{"href":"https:\/\/maremontrealestate.com\/tr\/wp-json\/wp\/v2\/pages"}],"about":[{"href":"https:\/\/maremontrealestate.com\/tr\/wp-json\/wp\/v2\/types\/page"}],"author":[{"embeddable":true,"href":"https:\/\/maremontrealestate.com\/tr\/wp-json\/wp\/v2\/users\/1"}],"replies":[{"embeddable":true,"href":"https:\/\/maremontrealestate.com\/tr\/wp-json\/wp\/v2\/comments?post=5350"}],"version-history":[{"count":4,"href":"https:\/\/maremontrealestate.com\/tr\/wp-json\/wp\/v2\/pages\/5350\/revisions"}],"predecessor-version":[{"id":22273,"href":"https:\/\/maremontrealestate.com\/tr\/wp-json\/wp\/v2\/pages\/5350\/revisions\/22273"}],"up":[{"embeddable":true,"href":"https:\/\/maremontrealestate.com\/tr\/wp-json\/wp\/v2\/pages\/58"}],"wp:featuredmedia":[{"embeddable":true,"href":"https:\/\/maremontrealestate.com\/tr\/wp-json\/wp\/v2\/media\/18866"}],"wp:attachment":[{"href":"https:\/\/maremontrealestate.com\/tr\/wp-json\/wp\/v2\/media?parent=5350"}],"curies":[{"name":"wp","href":"https:\/\/api.w.org\/{rel}","templated":true}]}}