{"id":56,"date":"2020-02-18T11:55:45","date_gmt":"2020-02-18T11:55:45","guid":{"rendered":"https:\/\/demo03.houzez.co\/?page_id=56"},"modified":"2022-04-22T14:48:31","modified_gmt":"2022-04-22T14:48:31","slug":"our-team","status":"publish","type":"page","link":"https:\/\/maremontrealestate.com\/tr\/about-us\/our-team\/","title":{"rendered":"Ekibimiz"},"content":{"rendered":"<p>Web sitemizde yay\u0131nlanan Alanya&#8217;da sat\u0131l\u0131k emlaklar, portf\u00f6y\u00fcm\u00fcz\u00fcn sadece bir k\u0131sm\u0131d\u0131r. Daha fazla emlak se\u00e7eneklerini g\u00f6rmek i\u00e7in l\u00fctfen bizimle ileti\u015fime ge\u00e7in.<\/p>","protected":false},"excerpt":{"rendered":"<p>Web sitemizde yay\u0131nlanan Alanya&#8217;da sat\u0131l\u0131k emlaklar, portf\u00f6y\u00fcm\u00fcz\u00fcn sadece bir k\u0131sm\u0131d\u0131r. Daha fazla emlak se\u00e7eneklerini g\u00f6rmek i\u00e7in l\u00fctfen bizimle ileti\u015fime ge\u00e7in.<\/p>\n","protected":false},"author":1,"featured_media":0,"parent":16650,"menu_order":0,"comment_status":"closed","ping_status":"closed","template":"template\/template-agents.php","meta":[],"_links":{"self":[{"href":"https:\/\/maremontrealestate.com\/tr\/wp-json\/wp\/v2\/pages\/56"}],"collection":[{"href":"https:\/\/maremontrealestate.com\/tr\/wp-json\/wp\/v2\/pages"}],"about":[{"href":"https:\/\/maremontrealestate.com\/tr\/wp-json\/wp\/v2\/types\/page"}],"author":[{"embeddable":true,"href":"https:\/\/maremontrealestate.com\/tr\/wp-json\/wp\/v2\/users\/1"}],"replies":[{"embeddable":true,"href":"https:\/\/maremontrealestate.com\/tr\/wp-json\/wp\/v2\/comments?post=56"}],"version-history":[{"count":4,"href":"https:\/\/maremontrealestate.com\/tr\/wp-json\/wp\/v2\/pages\/56\/revisions"}],"predecessor-version":[{"id":18527,"href":"https:\/\/maremontrealestate.com\/tr\/wp-json\/wp\/v2\/pages\/56\/revisions\/18527"}],"up":[{"embeddable":true,"href":"https:\/\/maremontrealestate.com\/tr\/wp-json\/wp\/v2\/pages\/16650"}],"wp:attachment":[{"href":"https:\/\/maremontrealestate.com\/tr\/wp-json\/wp\/v2\/media?parent=56"}],"curies":[{"name":"wp","href":"https:\/\/api.w.org\/{rel}","templated":true}]}}